{"id":19,"date":"2014-10-19T09:34:41","date_gmt":"2014-10-19T09:34:41","guid":{"rendered":"http:\/\/www.knzpb.il.pw.edu.pl\/knzpb?page_id=19"},"modified":"2018-02-14T19:23:37","modified_gmt":"2018-02-14T19:23:37","slug":"kontakt","status":"publish","type":"page","link":"https:\/\/www.knzpb.il.pw.edu.pl\/?page_id=19","title":{"rendered":"Kontakt"},"content":{"rendered":"<p style=\"text-align: center;\">Siedziba <em>Ko\u0142a Naukowego Zarz\u0105dzania Projektami w Budownictwie<\/em> znajduje si\u0119 pod adresem:<\/p>\n<p style=\"text-align: center;\"><strong>Wydzia\u0142 In\u017cynierii L\u0105dowej<\/strong><br \/>\n<strong>Lecha Kaczy\u0144skiego 16, 00-637 Warszawa<\/strong><br \/>\n<strong> pok\u00f3j 436a<\/strong><\/p>\n<p style=\"text-align: center;\">Nasz oficjalny mail to:<br \/>\n<strong>zarzadzanie.w.budownictwie@gmail.com<\/strong><\/p>\n<p style=\"text-align: center;\"> <style type=\"text\/css\"> #ready_google_map_1{ width:100%; height:400px; float:top; border:0px solid ; margin:0px; } #gmapControlsNum_1{ width:100% } #ready_google_map_1 .gmpMarkerInfoWindow{ width:200px; height:100px; } .gmpMapDetailsContainer#gmpMapDetailsContainer_1{ height:400px; } .gmp_MapPreview#ready_google_map_1{ \/*position:absolute;*\/ width:100%; } #mapConElem_1{ width:100% } #ready_google_map_1 .gmpInfoWindowtitle { color: #A52A2A !important; font-size: 19px !important; } <\/style> <div class=\"gmp_map_opts \" id=\"mapConElem_1\"> <div class=\"gmpMapDetailsContainer\" id=\"gmpMapDetailsContainer_1\"> <div class=\"gmp_MapPreview \" id=\"ready_google_map_1\"><\/div> <\/div> <div class=\"gmpMapProControlsCon\" id=\"gmpMapProControlsCon_1\"> <\/div> <\/div><\/p>\n","protected":false},"excerpt":{"rendered":"<p>Siedziba Ko\u0142a Naukowego Zarz\u0105dzania Projektami w Budownictwie znajduje si\u0119 pod adresem: Wydzia\u0142 In\u017cynierii L\u0105dowej Lecha Kaczy\u0144skiego 16, 00-637 Warszawa pok\u00f3j 436a Nasz oficjalny mail to: zarzadzanie.w.budownictwie@gmail.com<\/p>\n","protected":false},"author":1,"featured_media":0,"parent":0,"menu_order":0,"comment_status":"closed","ping_status":"closed","template":"","meta":{"ngg_post_thumbnail":0},"_links":{"self":[{"href":"https:\/\/www.knzpb.il.pw.edu.pl\/index.php?rest_route=\/wp\/v2\/pages\/19"}],"collection":[{"href":"https:\/\/www.knzpb.il.pw.edu.pl\/index.php?rest_route=\/wp\/v2\/pages"}],"about":[{"href":"https:\/\/www.knzpb.il.pw.edu.pl\/index.php?rest_route=\/wp\/v2\/types\/page"}],"author":[{"embeddable":true,"href":"https:\/\/www.knzpb.il.pw.edu.pl\/index.php?rest_route=\/wp\/v2\/users\/1"}],"replies":[{"embeddable":true,"href":"https:\/\/www.knzpb.il.pw.edu.pl\/index.php?rest_route=%2Fwp%2Fv2%2Fcomments&post=19"}],"version-history":[{"count":10,"href":"https:\/\/www.knzpb.il.pw.edu.pl\/index.php?rest_route=\/wp\/v2\/pages\/19\/revisions"}],"predecessor-version":[{"id":1940,"href":"https:\/\/www.knzpb.il.pw.edu.pl\/index.php?rest_route=\/wp\/v2\/pages\/19\/revisions\/1940"}],"wp:attachment":[{"href":"https:\/\/www.knzpb.il.pw.edu.pl\/index.php?rest_route=%2Fwp%2Fv2%2Fmedia&parent=19"}],"curies":[{"name":"wp","href":"https:\/\/api.w.org\/{rel}","templated":true}]}}