{"id":91,"date":"2014-10-19T12:42:40","date_gmt":"2014-10-19T12:42:40","guid":{"rendered":"http:\/\/www.knzpb.il.pw.edu.pl\/knzpb?page_id=91"},"modified":"2015-02-18T20:02:03","modified_gmt":"2015-02-18T20:02:03","slug":"o-nas","status":"publish","type":"page","link":"https:\/\/www.knzpb.il.pw.edu.pl\/?page_id=91","title":{"rendered":"O nas"},"content":{"rendered":"<p>Witaj!<\/p>\n<p><em><strong>Ko\u0142o Naukowe Zarz\u0105dzania Projektami w Budownictwie<\/strong><\/em> dzia\u0142a na Wydziale In\u017cynierii L\u0105dowej Politechniki Warszawskiej od 2010. Przez ostatnie kilka lat przeprowadzili\u015bmy razem ju\u017c wiele projekt\u00f3w.<\/p>\n<p>Zaliczy\u0107 do nich mo\u017cna:<\/p>\n<ul>\n<li>cyklicznie odbywaj\u0105ce si\u0119 Budowlane Targi Pracy na Wydziale In\u017cynierii L\u0105dowej,<\/li>\n<\/ul>\n<ul>\n<li>liczne wyj\u015bcia na budowy,<\/li>\n<\/ul>\n<ul>\n<li>szkolenia z umiej\u0119tno\u015bci mi\u0119kkich oraz z program\u00f3w specjalistycznych,<\/li>\n<\/ul>\n<ul>\n<li>wyjazdy naukowe,<\/li>\n<\/ul>\n<ul>\n<li>organizacja i uczestnictwo w konferencjach,<\/li>\n<\/ul>\n<ul>\n<li>akcje charytatywne.<\/li>\n<\/ul>\n<p><strong>Dzia\u0142alno\u015b\u0107 Ko\u0142a obraca si\u0119 przede wszystkim wok\u00f3\u0142 tematyki zarz\u0105dzania projektami (wszelakiego rodzaju).<\/strong><\/p>\n","protected":false},"excerpt":{"rendered":"<p>Witaj! Ko\u0142o Naukowe Zarz\u0105dzania Projektami w Budownictwie dzia\u0142a na Wydziale In\u017cynierii L\u0105dowej Politechniki Warszawskiej od 2010. Przez ostatnie kilka lat przeprowadzili\u015bmy razem ju\u017c wiele projekt\u00f3w. Zaliczy\u0107 do nich mo\u017cna: cyklicznie odbywaj\u0105ce si\u0119 Budowlane Targi Pracy na Wydziale In\u017cynierii L\u0105dowej, liczne wyj\u015bcia na budowy, szkolenia z umiej\u0119tno\u015bci mi\u0119kkich oraz z program\u00f3w specjalistycznych, wyjazdy naukowe, organizacja i [&hellip;]<\/p>\n","protected":false},"author":1,"featured_media":0,"parent":0,"menu_order":0,"comment_status":"closed","ping_status":"open","template":"","meta":{"ngg_post_thumbnail":0},"_links":{"self":[{"href":"https:\/\/www.knzpb.il.pw.edu.pl\/index.php?rest_route=\/wp\/v2\/pages\/91"}],"collection":[{"href":"https:\/\/www.knzpb.il.pw.edu.pl\/index.php?rest_route=\/wp\/v2\/pages"}],"about":[{"href":"https:\/\/www.knzpb.il.pw.edu.pl\/index.php?rest_route=\/wp\/v2\/types\/page"}],"author":[{"embeddable":true,"href":"https:\/\/www.knzpb.il.pw.edu.pl\/index.php?rest_route=\/wp\/v2\/users\/1"}],"replies":[{"embeddable":true,"href":"https:\/\/www.knzpb.il.pw.edu.pl\/index.php?rest_route=%2Fwp%2Fv2%2Fcomments&post=91"}],"version-history":[{"count":10,"href":"https:\/\/www.knzpb.il.pw.edu.pl\/index.php?rest_route=\/wp\/v2\/pages\/91\/revisions"}],"predecessor-version":[{"id":1086,"href":"https:\/\/www.knzpb.il.pw.edu.pl\/index.php?rest_route=\/wp\/v2\/pages\/91\/revisions\/1086"}],"wp:attachment":[{"href":"https:\/\/www.knzpb.il.pw.edu.pl\/index.php?rest_route=%2Fwp%2Fv2%2Fmedia&parent=91"}],"curies":[{"name":"wp","href":"https:\/\/api.w.org\/{rel}","templated":true}]}}